{"id":12152,"date":"2020-11-26T10:30:35","date_gmt":"2020-11-26T09:30:35","guid":{"rendered":"https:\/\/resetlaser.com\/politique-de-confidentialite\/"},"modified":"2024-12-17T08:50:16","modified_gmt":"2024-12-17T07:50:16","slug":"aviso-de-proteccion-de-datos","status":"publish","type":"page","link":"https:\/\/resetlaser.com\/es\/aviso-de-proteccion-de-datos\/","title":{"rendered":"Aviso de protecci\u00f3n de datos"},"content":{"rendered":"\t\t<div data-elementor-type=\"wp-page\" data-elementor-id=\"12152\" class=\"elementor elementor-12152 elementor-3\">\n\t\t\t\t\t\t<section class=\"elementor-section elementor-top-section elementor-element elementor-element-39fb155e elementor-section-boxed elementor-section-height-default elementor-section-height-default\" data-id=\"39fb155e\" data-element_type=\"section\" data-e-type=\"section\">\n\t\t\t\t\t\t<div class=\"elementor-container elementor-column-gap-default\">\n\t\t\t\t\t<div class=\"elementor-column elementor-col-100 elementor-top-column elementor-element elementor-element-6c26157f\" data-id=\"6c26157f\" data-element_type=\"column\" data-e-type=\"column\">\n\t\t\t<div class=\"elementor-widget-wrap elementor-element-populated\">\n\t\t\t\t\t\t<div class=\"elementor-element elementor-element-9942070 elementor-widget elementor-widget-text-editor\" data-id=\"9942070\" data-element_type=\"widget\" data-e-type=\"widget\" data-widget_type=\"text-editor.default\">\n\t\t\t\t<div class=\"elementor-widget-container\">\n\t\t\t\t\t\t\t\t\t<h1>Aviso de protecci\u00f3n de datos<\/h1>\n<p><strong>\u00bfQui\u00e9nes somos?<\/strong><\/p>\n<p><strong>SRL Reset Laser<\/strong><\/p>\n<p>Reset Laser ofrece terapias para dejar de fumar<\/p>\n<p><strong>Misi\u00f3n<\/strong><\/p>\n<p>El sitio tiene como objetivo proporcionar informaci\u00f3n sobre todas las actividades de la empresa.<\/p>\n<p><strong>Contacto<\/strong><\/p>\n<p>SRL Reset Laser<\/p>\n<p>Avenue de la Renaissance 21, 1000 Bruselas<\/p>\n<p>+32 471 92 41 62<\/p>\n<p><a href=\"mailto:contact@resetlaser.com\">contact@resetlaser.com<\/a><\/p>\n<p>BE 0765.474.312<\/p>\n<p>SRL Reset Laser se compromete a respetar la legislaci\u00f3n vigente en B\u00e9lgica y Europa y hace todo lo posible para prevenir cualquier uso no autorizado o il\u00edcito de sus datos personales. Para ello, utilizamos procedimientos y sistemas adecuados para que solo las personas autorizadas puedan acceder a su informaci\u00f3n. Adem\u00e1s, le recordamos que estas personas est\u00e1n obligadas a un deber de confidencialidad en el marco de su funci\u00f3n.<\/p>\n<h2>1. \u00bfPor qu\u00e9 tratamos sus datos personales?<\/h2>\n<h3>1.1. Difusi\u00f3n, recopilaci\u00f3n de informaci\u00f3n y procesamiento de expedientes<\/h3>\n<h4><em>1.1.1 Respuesta a preguntas a trav\u00e9s del formulario de contacto<\/em><\/h4>\n<p>Tratamos estos datos personales para garantizar la seguridad (de la informaci\u00f3n) y el buen funcionamiento de nuestra organizaci\u00f3n.<\/p>\n<table>\n<tbody>\n<tr>\n<td>\n<p>\u00bfQu\u00e9 datos personales? \u00bfC\u00f3mo obtenemos estos datos? \u00bfDurante cu\u00e1nto tiempo? \u00bfCon qui\u00e9n se comparten estos datos?<\/p>\n<\/td>\n<\/tr>\n<\/tbody>\n<\/table>\n<p>\u00a0<\/p>\n<table>\n<tbody>\n<tr>\n<td>\n<p>Datos de identificaci\u00f3n, datos de contacto y datos relacionados con la pregunta, la informaci\u00f3n o el pedido<\/p>\n<\/td>\n<td>\n<p>Directamente de la(s) persona(s) interesada(s) O indirectamente de una o varias otras personas<\/p>\n<\/td>\n<td>\n<p>3 a\u00f1os despu\u00e9s del \u00faltimo contacto<\/p>\n<\/td>\n<td>\n<p>Subcontratistas que se encargan de nuestra infraestructura ICT si su intervenci\u00f3n lo requiere<\/p>\n<\/td>\n<\/tr>\n<\/tbody>\n<\/table>\n<p>Indirectamente de una o varias otras personas: en algunos casos, recibimos una solicitud sobre alguien m\u00e1s y eso implica que podemos disponer de datos personales de una o varias otras personas.<\/p>\n<h4><em>1.1.2. Procesamiento de un pedido<\/em><\/h4>\n<p>Tratamos estos datos personales para garantizar la seguridad (de la informaci\u00f3n) y el buen funcionamiento de nuestra organizaci\u00f3n.<\/p>\n<table>\n<tbody>\n<tr>\n<td>\n<p>\u00bfQu\u00e9 datos personales? \u00bfC\u00f3mo obtenemos estos datos? \u00bfDurante cu\u00e1nto tiempo? \u00bfCon qui\u00e9n se comparten estos datos?<\/p>\n<\/td>\n<\/tr>\n<\/tbody>\n<\/table>\n<p>\u00a0<\/p>\n<table>\n<tbody>\n<tr>\n<td>\n<p>Datos de identificaci\u00f3n, datos de contacto y datos relacionados con la pregunta, la informaci\u00f3n o el pedido<\/p>\n<\/td>\n<td>\n<p>Directamente de la(s) persona(s) interesada(s) O indirectamente de una o varias otras personas<\/p>\n<\/td>\n<td>\n<p>3 a\u00f1os despu\u00e9s del \u00faltimo contacto<\/p>\n<\/td>\n<td>\n<p>Subcontratistas que se encargan de nuestra infraestructura ICT si su intervenci\u00f3n lo requiere<\/p>\n<\/td>\n<\/tr>\n<\/tbody>\n<\/table>\n<p>Indirectamente de una o varias otras personas: en algunos casos, recibimos una solicitud sobre alguien m\u00e1s y eso implica que podemos disponer de datos personales de una o varias otras personas.<\/p>\n<h4><em>1.1.3. Ejercicio de los derechos de las personas interesadas sobre los tratamientos realizados por SRL Reset Laser<\/em><\/h4>\n<p>Tratamos estos datos personales porque los necesitamos para ejercer nuestras tareas que est\u00e1n definidas legalmente.<\/p>\n<table>\n<tbody>\n<tr>\n<td>\n<p>\u00bfQu\u00e9 datos personales? \u00bfC\u00f3mo obtenemos estos datos? \u00bfDurante cu\u00e1nto tiempo? \u00bfCon qui\u00e9n se comparten estos datos?<\/p>\n<\/td>\n<\/tr>\n<\/tbody>\n<\/table>\n<p>\u00a0<\/p>\n<table>\n<tbody>\n<tr>\n<td>\n<p>Datos de identificaci\u00f3n, datos de contacto y datos relacionados con la pregunta, la informaci\u00f3n o el pedido<\/p>\n<\/td>\n<td>\n<p>Directamente de la persona interesada<\/p>\n<\/td>\n<td>\n<p>1 a\u00f1o despu\u00e9s del cierre del expediente<\/p>\n<\/td>\n<td>\n<p>Subcontratistas que se encargan de nuestra infraestructura ICT si su intervenci\u00f3n lo requiere<\/p>\n<\/td>\n<\/tr>\n<\/tbody>\n<\/table>\n<h3>1.2. Gesti\u00f3n de la organizaci\u00f3n<\/h3>\n<h4><em>1.2.1. Sitio web<\/em><\/h4>\n<p>Cuando visita nuestro sitio web, tratamos ciertos datos personales como direcciones IP y cookies para garantizar el buen funcionamiento y la seguridad de nuestro sitio web.<\/p>\n<p>El tratamiento de los datos personales obtenidos de esta manera se basa en el inter\u00e9s leg\u00edtimo en lo que respecta a la seguridad y el buen funcionamiento de nuestro sitio web y en su consentimiento en lo que respecta al an\u00e1lisis del uso de nuestro sitio web. Salvo para las cookies necesarias, siempre solicitamos su consentimiento. A continuaci\u00f3n, encontrar\u00e1 el listado de cookies utilizadas en nuestro sitio web.<\/p>\n<p><strong>Cookies<\/strong><\/p>\n<p>Una cookie es un peque\u00f1o archivo de texto que puede guardarse en su ordenador cuando visita sitios web. Se registra informaci\u00f3n en un archivo de texto, como por ejemplo su elecci\u00f3n de idioma para un sitio web. Cuando visita nuevamente el sitio web m\u00e1s tarde, esta cookie se env\u00eda de vuelta al sitio en cuesti\u00f3n. De esta manera, el sitio web reconoce su navegador y puede, por ejemplo, recordar su elecci\u00f3n de idioma.<\/p>\n<p>Las cookies generalmente tambi\u00e9n tienen una fecha de caducidad. Algunas cookies, por ejemplo, se eliminan autom\u00e1ticamente cuando cierra su navegador (lo que se llama cookies de sesi\u00f3n), mientras que otras permanecen m\u00e1s tiempo en su computadora, a veces incluso hasta que las elimina manualmente (lo que se llama cookies permanentes).<\/p>\n<p><strong>\u00a0<\/strong><\/p>\n<p><strong>\u00bfPor qu\u00e9 utilizamos cookies?<\/strong><\/p>\n<p>SRL Reset Laser, gestor de este sitio web, utiliza en <a href=\"https:\/\/resetlaser.com\">https:\/\/resetlaser.com<\/a> tres tipos de cookies:<\/p>\n<ol>\n<li>cookies esenciales;<\/li>\n<li>cookies funcionales;<\/li>\n<li>cookies anal\u00edticas.<\/li>\n<\/ol>\n<p>Para gestionar el contenido de su sitio web, SRL Reset Laser coloca cookies esenciales y funcionales. Estas cookies son necesarias para el buen funcionamiento del presente sitio web. No es posible rechazar estas cookies si desea visitar nuestro sitio web.<\/p>\n<p>SRL Reset Laser tambi\u00e9n utiliza herramientas de medici\u00f3n para fines anal\u00edticos. Esta herramienta de an\u00e1lisis instala cookies que utilizamos para cuantificar las visitas (el tr\u00e1fico) en el sitio web. Esto nos permite saber, por ejemplo, cu\u00e1ntas veces se ha le\u00eddo una p\u00e1gina determinada. Utilizamos esta informaci\u00f3n \u00fanicamente para mejorar el contenido de nuestro sitio web o como base para una nueva campa\u00f1a sobre un tema que suscite mucho inter\u00e9s. El uso de estas cookies para fines de an\u00e1lisis est\u00e1 sujeto a su consentimiento previo. Estas cookies, por lo tanto, solo se instalar\u00e1n en su dispositivo despu\u00e9s de su acuerdo.<\/p>\n<p><strong>Lista de cookies esenciales y funcionales<\/strong><\/p>\n<p>Puede rechazar las cookies a continuaci\u00f3n si desea navegar en nuestro sitio web.<\/p>\n<table>\n<tbody>\n<tr>\n<td>\n<p>Nombre Caducidad Objetivo<\/p>\n<\/td>\n<\/tr>\n<\/tbody>\n<\/table>\n<p>\u00a0<\/p>\n<table>\n<tbody>\n<tr>\n<td>\n<p>axeptio_cookies<\/p>\n<\/td>\n<td>\n<p>12 meses<\/p>\n<\/td>\n<td>\n<p>Axeptio. Contiene toda la informaci\u00f3n sobre el consentimiento del visitante, como la fecha, su identificador an\u00f3nimo \u00fanico, y si ha consentido o no<\/p>\n<\/td>\n<\/tr>\n<tr>\n<td>\n<p>axeptio_all_vendors<\/p>\n<\/td>\n<td>\n<p>12 meses<\/p>\n<\/td>\n<td>\n<p>Axeptio. Contiene la lista de todas las cookies declaradas en el widget Axeptio<\/p>\n<\/td>\n<\/tr>\n<tr>\n<td>\n<p>axeptio_authorized_vendors<\/p>\n<\/td>\n<td>\n<p>12 meses<\/p>\n<\/td>\n<td>\n<p>Axeptio. Contiene la lista de cookies aceptadas por el visitante.<\/p>\n<\/td>\n<\/tr>\n<tr>\n<td>\n<p>Wp-wpml_current_language<\/p>\n<\/td>\n<td>\n<p>Sesi\u00f3n<\/p>\n<\/td>\n<td>\n<p>WPML. Memoriza el idioma actual del sitio<\/p>\n<\/td>\n<\/tr>\n<tr>\n<td>\n<p>wpml_browser_redirect_test<\/p>\n<\/td>\n<td>\n<p>24 horas<\/p>\n<\/td>\n<td>\n<p>WPML. Prueba si las cookies est\u00e1n activas en el sitio.<\/p>\n<\/td>\n<\/tr>\n<tr>\n<td>\n<p>_icl_visitor_lang_js<\/p>\n<\/td>\n<td>\n<p>24 horas<\/p>\n<\/td>\n<td>\n<p>WPML. Memoriza el idioma que ha sido redirigido.<\/p>\n<\/td>\n<\/tr>\n<tr>\n<td>\n<p>_GRECAPTCHA<\/p>\n<\/td>\n<td>\n<p>179 d\u00edas<\/p>\n<\/td>\n<td>\n<p>Google. Esta cookie se utiliza para distinguir entre humanos y robots y limitar formularios de contacto fraudulentos o no deseados.<\/p>\n<\/td>\n<\/tr>\n<\/tbody>\n<\/table>\n<p><strong>Lista de cookies anal\u00edticas<\/strong><\/p>\n<p>Puede rechazar las cookies a continuaci\u00f3n si desea navegar en nuestro sitio web.<\/p>\n<table>\n<tbody>\n<tr>\n<td>\n<p>Nombre Caducidad Objetivo<\/p>\n<\/td>\n<\/tr>\n<\/tbody>\n<\/table>\n<p>\u00a0<\/p>\n<table>\n<tbody>\n<tr>\n<td>\n<p>ga<\/p>\n<\/td>\n<td>\n<p>13 meses<\/p>\n<\/td>\n<td>\n<p>Google Analytics. Distinguir a los usuarios \u00fanicos asignando un n\u00famero generado aleatoriamente como identificador de cliente<\/p>\n<\/td>\n<\/tr>\n<tr>\n<td>\n<p>_gat<\/p>\n<\/td>\n<td>\n<p>1 minuto<\/p>\n<\/td>\n<td>\n<p>Google Analytics. Reducir el n\u00famero de solicitudes<\/p>\n<\/td>\n<\/tr>\n<tr>\n<td>\n<p>_gid<\/p>\n<\/td>\n<td>\n<p>24 horas<\/p>\n<\/td>\n<td>\n<p>Google Analytics. Almacenar y actualizar un valor \u00fanico para cada p\u00e1gina visitada<\/p>\n<\/td>\n<\/tr>\n<\/tbody>\n<\/table>\n<p><strong>\u00bfC\u00f3mo ver qu\u00e9 cookies est\u00e1n instaladas en mi dispositivo y c\u00f3mo eliminarlas?<\/strong><\/p>\n<p>Si desea saber qu\u00e9 cookies est\u00e1n instaladas en su dispositivo o si desea eliminarlas, puede utilizar una configuraci\u00f3n de su navegador. Encontrar\u00e1 m\u00e1s explicaciones sobre c\u00f3mo proceder a trav\u00e9s de los enlaces a continuaci\u00f3n.<\/p>\n<table>\n<tbody>\n<tr>\n<td>\n<p>Firefox Chrome Safari Internet Explorer<\/p>\n<\/td>\n<\/tr>\n<\/tbody>\n<\/table>\n<p>\u00a0<\/p>\n<table>\n<tbody>\n<tr>\n<td>\n<p><a href=\"https:\/\/support.mozilla.org\/es\/kb\/cookies-informacion-que-los-sitios-web-guardan-en\">Firefox<\/a><\/p>\n<\/td>\n<td>\n<p><a href=\"https:\/\/support.google.com\/chrome\/answer\/95647?hl=es\">Chrome<\/a><\/p>\n<\/td>\n<td>\n<p><a href=\"https:\/\/support.apple.com\/es-es\/guide\/safari\/sfri11471\/mac\">Safari<\/a><\/p>\n<\/td>\n<td>\n<p><a href=\"https:\/\/support.microsoft.com\/es-es\/windows\/eliminar-y-administrar-cookies-168dab11-0753-043d-7c16-ede5947fc64d\">Internet Explorer<\/a><\/p>\n<\/td>\n<\/tr>\n<tr>\n<td>\n<p>Firefox (m\u00f3vil)<\/p>\n<\/td>\n<td>\n<p><a href=\"https:\/\/support.google.com\/chrome\/answer\/95647?hl=es&amp;co=GENIE.Platform%3DAndroid&amp;oco=1\">Chrome (m\u00f3vil)<\/a><\/p>\n<\/td>\n<td>\n<p><a href=\"https:\/\/support.apple.com\/es-es\/HT201265\">Safari (m\u00f3vil)<\/a><\/p>\n<\/td>\n<td>\n<p><a href=\"https:\/\/support.microsoft.com\/es-es\/microsoft-edge\/eliminar-cookies-en-microsoft-edge-63947406-40ac-c3b8-57b9-2a946a29ae09\">Microsoft Edge<\/a><\/p>\n<\/td>\n<\/tr>\n<\/tbody>\n<\/table>\n<p>\u00bfUtiliza otro navegador? Verifique si el procedimiento para su navegador est\u00e1 incluido en el sitio web <a href=\"https:\/\/allaboutcookies.org\/how-to-manage-cookies\">allaboutcookies.org\/how-to-manage-cookies<\/a>. Este sitio solo est\u00e1 disponible en ingl\u00e9s.<\/p>\n<h4><em>1.2.2. Enlaces externos<\/em><\/h4>\n<p>El sitio web de SRL Reset Laser menciona enlaces externos para documentar cierta informaci\u00f3n. La activaci\u00f3n de estos enlaces es responsabilidad del usuario. Sin embargo, recomendamos consultar la declaraci\u00f3n de privacidad as\u00ed como la pol\u00edtica de cookies del sitio en cuesti\u00f3n.<\/p>\n<h4><em>1.2.3. Bolet\u00edn<\/em><\/h4>\n<p>Tratamos estos datos personales para garantizar la seguridad (de la informaci\u00f3n) y el buen funcionamiento de nuestra organizaci\u00f3n.<\/p>\n<table>\n<tbody>\n<tr>\n<td>\n<p>\u00bfQu\u00e9 datos personales? \u00bfC\u00f3mo obtenemos estos datos? \u00bfDurante cu\u00e1nto tiempo? \u00bfCon qui\u00e9n se comparten estos datos?<\/p>\n<\/td>\n<\/tr>\n<\/tbody>\n<\/table>\n<p>\u00a0<\/p>\n<table>\n<tbody>\n<tr>\n<td>\n<p>Datos de identificaci\u00f3n y datos de contacto<\/p>\n<\/td>\n<td>\n<p>Directamente de la persona interesada<\/p>\n<\/td>\n<td>\n<p>Hasta la retirada del consentimiento<\/p>\n<\/td>\n<td>\n<p>Subcontratistas que se encargan de nuestra infraestructura ICT si su intervenci\u00f3n lo requiere<\/p>\n<\/td>\n<\/tr>\n<\/tbody>\n<\/table>\n<p>Siempre que haya dado su consentimiento expl\u00edcito previo, estamos autorizados a enviarle boletines por correo electr\u00f3nico. Sin embargo, en caso de que ya no desee recibir nuestros boletines, siempre tiene la opci\u00f3n de darse de baja de ellos a trav\u00e9s de la opci\u00f3n de cancelaci\u00f3n de suscripci\u00f3n que se incluye.<\/p>\n<h2>2. \u00bfCu\u00e1les son sus derechos y c\u00f3mo ejercerlos?<\/h2>\n<p>Si tiene una queja, una pregunta o un problema con respecto a la forma en que usamos sus datos personales, contacte con nosotros.<\/p>\n<p>SRL Reset Laser<\/p>\n<p>Avenue de la Renaissance 21, 1000 Bruselas<\/p>\n<p><a href=\"mailto:contact@resetlaser.com\">contact@resetlaser.com<\/a><\/p>\n<p>Si nos contacta para ejercer sus derechos, le responderemos dentro de un plazo de 1 mes. Excepcionalmente, este plazo puede ampliarse (hasta un m\u00e1ximo de 3 meses), pero le daremos la raz\u00f3n dentro de un plazo de 1 mes. El hecho de poder o no ejercer sus derechos depende del tratamiento y de la base jur\u00eddica.<\/p>\n<p>Aseg\u00farese de formular siempre claramente qu\u00e9 derecho desea ejercer y c\u00f3mo desea recibir la informaci\u00f3n (por ejemplo, por correo electr\u00f3nico, por correo postal, verbalmente, &#8230;). Tenga en cuenta que en algunos casos necesitamos informaci\u00f3n adicional. Queremos asegurarnos de que estamos ayudando a la persona correcta.<\/p>\n<h3>2.1. Derecho de acceso<\/h3>\n<p>Tiene derecho a preguntarnos sobre los datos personales que tenemos sobre usted. Podemos proporcionarle una copia de forma gratuita, pero no es posible para todos los documentos. Tambi\u00e9n queremos respetar los derechos y libertades de los dem\u00e1s.<\/p>\n<h3>2.2. Derecho de rectificaci\u00f3n<\/h3>\n<p>\u00bfCree que sus datos no son precisos o est\u00e1n actualizados? Tiene derecho a solicitarnos que los corrijamos.<\/p>\n<h3>2.3. Derecho de oposici\u00f3n<\/h3>\n<p>Tiene derecho a solicitarnos que dejemos de tratar sus datos personales.<\/p>\n<h3>2.4. Derecho a la limitaci\u00f3n del tratamiento<\/h3>\n<p>Puede solicitarnos que limitemos el tratamiento de sus datos personales, por ejemplo, cuando verificamos la exactitud de sus datos personales.<\/p>\n<h3>2.5. Derecho al olvido o eliminaci\u00f3n<\/h3>\n<p>Tiene derecho a solicitarnos que eliminemos sus datos personales. Sin embargo, si estamos legalmente obligados a conservar ciertos datos personales, no podemos cumplir con esta solicitud.<\/p>\n<h3>2.6. Derecho de revocaci\u00f3n de su consentimiento<\/h3>\n<p>En caso de tratamientos de datos personales basados en su consentimiento, este consentimiento puede revocarse.<\/p>\n<h3>2.7. Derecho a presentar una reclamaci\u00f3n ante la autoridad de control<\/h3>\n<p>Si considera que un tratamiento de datos personales que le concierne constituye una infracci\u00f3n del reglamento europeo sobre la protecci\u00f3n de datos personales, tiene derecho a presentar una reclamaci\u00f3n ante una autoridad de control.<\/p>\n<p>Autoridad de Protecci\u00f3n de Datos<\/p>\n<p>Rue de la Presse, 35<\/p>\n<p>1000 Bruselas<\/p>\n<h2>3. \u00c1mbito de aplicaci\u00f3n de la carta de privacidad<\/h2>\n<p>Salvo indicaci\u00f3n en contrario, la presente carta de privacidad tiene como objetivo aplicarse a todos los sitios web, aplicaciones, herramientas, etc. de SRL Reset Laser, as\u00ed como a todos los servicios que ofrecemos y para los cuales se hace referencia expl\u00edcita.<\/p>\n<p>Tenga en cuenta que nuestro aviso de privacidad puede evolucionar con el tiempo. Cualquier modificaci\u00f3n es directamente aplicable desde su publicaci\u00f3n. Por esta raz\u00f3n, le invitamos a consultarlo regularmente.<\/p>\n<p>Excepto en los casos en que la ley lo requiera o en los casos en que la comunicaci\u00f3n de sus datos sea necesaria para procesar su solicitud o continuar nuestras misiones como se describe en el punto 3 (comunicaci\u00f3n a administraciones p\u00fablicas, comunicaci\u00f3n a nuestros subcontratistas, etc.), no divulgamos ninguno de sus datos personales a terceros sin obtener su consentimiento previo. Adem\u00e1s, cuando comunicamos sus datos a otras entidades, siempre nos aseguramos de divulgar solo los datos personales que son estrictamente necesarios para la realizaci\u00f3n del prop\u00f3sito del tratamiento que le concierne.<\/p>\t\t\t\t\t\t\t\t<\/div>\n\t\t\t\t<\/div>\n\t\t\t\t\t<\/div>\n\t\t<\/div>\n\t\t\t\t\t<\/div>\n\t\t<\/section>\n\t\t\t\t<\/div>\n\t\t","protected":false},"excerpt":{"rendered":"<p>Aviso de protecci\u00f3n de datos \u00bfQui\u00e9nes somos? SRL Reset Laser Reset Laser ofrece terapias para dejar de fumar Misi\u00f3n El sitio tiene como objetivo proporcionar informaci\u00f3n sobre todas las actividades de la empresa. Contacto SRL Reset Laser Avenue de la Renaissance 21, 1000 Bruselas +32 471 92 41 62 contact@resetlaser.com BE 0765.474.312 SRL Reset Laser&#8230;<\/p>\n","protected":false},"author":1,"featured_media":0,"parent":0,"menu_order":0,"comment_status":"closed","ping_status":"closed","template":"","meta":{"_kad_post_transparent":"","_kad_post_title":"","_kad_post_layout":"","_kad_post_sidebar_id":"","_kad_post_content_style":"","_kad_post_vertical_padding":"","_kad_post_feature":"","_kad_post_feature_position":"","_kad_post_header":false,"_kad_post_footer":false,"footnotes":""},"class_list":["post-12152","page","type-page","status-publish","hentry"],"yoast_head":"<!-- This site is optimized with the Yoast SEO plugin v27.4 - https:\/\/yoast.com\/product\/yoast-seo-wordpress\/ -->\n<title>Aviso de protecci\u00f3n de datos - Resetlaser<\/title>\n<meta name=\"robots\" content=\"index, follow, max-snippet:-1, max-image-preview:large, max-video-preview:-1\" \/>\n<link rel=\"canonical\" href=\"https:\/\/resetlaser.com\/es\/aviso-de-proteccion-de-datos\/\" \/>\n<meta property=\"og:locale\" content=\"es_ES\" \/>\n<meta property=\"og:type\" content=\"article\" \/>\n<meta property=\"og:title\" content=\"Aviso de protecci\u00f3n de datos - Resetlaser\" \/>\n<meta property=\"og:description\" content=\"Aviso de protecci\u00f3n de datos \u00bfQui\u00e9nes somos? SRL Reset Laser Reset Laser ofrece terapias para dejar de fumar Misi\u00f3n El sitio tiene como objetivo proporcionar informaci\u00f3n sobre todas las actividades de la empresa. Contacto SRL Reset Laser Avenue de la Renaissance 21, 1000 Bruselas +32 471 92 41 62 contact@resetlaser.com BE 0765.474.312 SRL Reset Laser...\" \/>\n<meta property=\"og:url\" content=\"https:\/\/resetlaser.com\/es\/aviso-de-proteccion-de-datos\/\" \/>\n<meta property=\"og:site_name\" content=\"Resetlaser\" \/>\n<meta property=\"article:modified_time\" content=\"2024-12-17T07:50:16+00:00\" \/>\n<meta name=\"twitter:card\" content=\"summary_large_image\" \/>\n<meta name=\"twitter:label1\" content=\"Tiempo de lectura\" \/>\n\t<meta name=\"twitter:data1\" content=\"9 minutos\" \/>\n<script type=\"application\/ld+json\" class=\"yoast-schema-graph\">{\"@context\":\"https:\\\/\\\/schema.org\",\"@graph\":[{\"@type\":\"WebPage\",\"@id\":\"https:\\\/\\\/resetlaser.com\\\/es\\\/aviso-de-proteccion-de-datos\\\/\",\"url\":\"https:\\\/\\\/resetlaser.com\\\/es\\\/aviso-de-proteccion-de-datos\\\/\",\"name\":\"Aviso de protecci\u00f3n de datos - Resetlaser\",\"isPartOf\":{\"@id\":\"https:\\\/\\\/resetlaser.com\\\/es\\\/#website\"},\"datePublished\":\"2020-11-26T09:30:35+00:00\",\"dateModified\":\"2024-12-17T07:50:16+00:00\",\"breadcrumb\":{\"@id\":\"https:\\\/\\\/resetlaser.com\\\/es\\\/aviso-de-proteccion-de-datos\\\/#breadcrumb\"},\"inLanguage\":\"es\",\"potentialAction\":[{\"@type\":\"ReadAction\",\"target\":[\"https:\\\/\\\/resetlaser.com\\\/es\\\/aviso-de-proteccion-de-datos\\\/\"]}]},{\"@type\":\"BreadcrumbList\",\"@id\":\"https:\\\/\\\/resetlaser.com\\\/es\\\/aviso-de-proteccion-de-datos\\\/#breadcrumb\",\"itemListElement\":[{\"@type\":\"ListItem\",\"position\":1,\"name\":\"Accueil\",\"item\":\"https:\\\/\\\/resetlaser.com\\\/es\\\/\"},{\"@type\":\"ListItem\",\"position\":2,\"name\":\"Aviso de protecci\u00f3n de datos\"}]},{\"@type\":\"WebSite\",\"@id\":\"https:\\\/\\\/resetlaser.com\\\/es\\\/#website\",\"url\":\"https:\\\/\\\/resetlaser.com\\\/es\\\/\",\"name\":\"Resetlaser\",\"description\":\"\",\"publisher\":{\"@id\":\"https:\\\/\\\/resetlaser.com\\\/es\\\/#organization\"},\"potentialAction\":[{\"@type\":\"SearchAction\",\"target\":{\"@type\":\"EntryPoint\",\"urlTemplate\":\"https:\\\/\\\/resetlaser.com\\\/es\\\/?s={search_term_string}\"},\"query-input\":{\"@type\":\"PropertyValueSpecification\",\"valueRequired\":true,\"valueName\":\"search_term_string\"}}],\"inLanguage\":\"es\"},{\"@type\":\"Organization\",\"@id\":\"https:\\\/\\\/resetlaser.com\\\/es\\\/#organization\",\"name\":\"Resetlaser\",\"url\":\"https:\\\/\\\/resetlaser.com\\\/es\\\/\",\"logo\":{\"@type\":\"ImageObject\",\"inLanguage\":\"es\",\"@id\":\"https:\\\/\\\/resetlaser.com\\\/es\\\/#\\\/schema\\\/logo\\\/image\\\/\",\"url\":\"https:\\\/\\\/resetlaser.com\\\/wp-content\\\/uploads\\\/2024\\\/03\\\/cropped-new-logo-couleur2024.png\",\"contentUrl\":\"https:\\\/\\\/resetlaser.com\\\/wp-content\\\/uploads\\\/2024\\\/03\\\/cropped-new-logo-couleur2024.png\",\"width\":600,\"height\":150,\"caption\":\"Resetlaser\"},\"image\":{\"@id\":\"https:\\\/\\\/resetlaser.com\\\/es\\\/#\\\/schema\\\/logo\\\/image\\\/\"}}]}<\/script>\n<!-- \/ Yoast SEO plugin. -->","yoast_head_json":{"title":"Aviso de protecci\u00f3n de datos - Resetlaser","robots":{"index":"index","follow":"follow","max-snippet":"max-snippet:-1","max-image-preview":"max-image-preview:large","max-video-preview":"max-video-preview:-1"},"canonical":"https:\/\/resetlaser.com\/es\/aviso-de-proteccion-de-datos\/","og_locale":"es_ES","og_type":"article","og_title":"Aviso de protecci\u00f3n de datos - Resetlaser","og_description":"Aviso de protecci\u00f3n de datos \u00bfQui\u00e9nes somos? SRL Reset Laser Reset Laser ofrece terapias para dejar de fumar Misi\u00f3n El sitio tiene como objetivo proporcionar informaci\u00f3n sobre todas las actividades de la empresa. Contacto SRL Reset Laser Avenue de la Renaissance 21, 1000 Bruselas +32 471 92 41 62 contact@resetlaser.com BE 0765.474.312 SRL Reset Laser...","og_url":"https:\/\/resetlaser.com\/es\/aviso-de-proteccion-de-datos\/","og_site_name":"Resetlaser","article_modified_time":"2024-12-17T07:50:16+00:00","twitter_card":"summary_large_image","twitter_misc":{"Tiempo de lectura":"9 minutos"},"schema":{"@context":"https:\/\/schema.org","@graph":[{"@type":"WebPage","@id":"https:\/\/resetlaser.com\/es\/aviso-de-proteccion-de-datos\/","url":"https:\/\/resetlaser.com\/es\/aviso-de-proteccion-de-datos\/","name":"Aviso de protecci\u00f3n de datos - Resetlaser","isPartOf":{"@id":"https:\/\/resetlaser.com\/es\/#website"},"datePublished":"2020-11-26T09:30:35+00:00","dateModified":"2024-12-17T07:50:16+00:00","breadcrumb":{"@id":"https:\/\/resetlaser.com\/es\/aviso-de-proteccion-de-datos\/#breadcrumb"},"inLanguage":"es","potentialAction":[{"@type":"ReadAction","target":["https:\/\/resetlaser.com\/es\/aviso-de-proteccion-de-datos\/"]}]},{"@type":"BreadcrumbList","@id":"https:\/\/resetlaser.com\/es\/aviso-de-proteccion-de-datos\/#breadcrumb","itemListElement":[{"@type":"ListItem","position":1,"name":"Accueil","item":"https:\/\/resetlaser.com\/es\/"},{"@type":"ListItem","position":2,"name":"Aviso de protecci\u00f3n de datos"}]},{"@type":"WebSite","@id":"https:\/\/resetlaser.com\/es\/#website","url":"https:\/\/resetlaser.com\/es\/","name":"Resetlaser","description":"","publisher":{"@id":"https:\/\/resetlaser.com\/es\/#organization"},"potentialAction":[{"@type":"SearchAction","target":{"@type":"EntryPoint","urlTemplate":"https:\/\/resetlaser.com\/es\/?s={search_term_string}"},"query-input":{"@type":"PropertyValueSpecification","valueRequired":true,"valueName":"search_term_string"}}],"inLanguage":"es"},{"@type":"Organization","@id":"https:\/\/resetlaser.com\/es\/#organization","name":"Resetlaser","url":"https:\/\/resetlaser.com\/es\/","logo":{"@type":"ImageObject","inLanguage":"es","@id":"https:\/\/resetlaser.com\/es\/#\/schema\/logo\/image\/","url":"https:\/\/resetlaser.com\/wp-content\/uploads\/2024\/03\/cropped-new-logo-couleur2024.png","contentUrl":"https:\/\/resetlaser.com\/wp-content\/uploads\/2024\/03\/cropped-new-logo-couleur2024.png","width":600,"height":150,"caption":"Resetlaser"},"image":{"@id":"https:\/\/resetlaser.com\/es\/#\/schema\/logo\/image\/"}}]}},"_links":{"self":[{"href":"https:\/\/resetlaser.com\/es\/wp-json\/wp\/v2\/pages\/12152","targetHints":{"allow":["GET"]}}],"collection":[{"href":"https:\/\/resetlaser.com\/es\/wp-json\/wp\/v2\/pages"}],"about":[{"href":"https:\/\/resetlaser.com\/es\/wp-json\/wp\/v2\/types\/page"}],"author":[{"embeddable":true,"href":"https:\/\/resetlaser.com\/es\/wp-json\/wp\/v2\/users\/1"}],"replies":[{"embeddable":true,"href":"https:\/\/resetlaser.com\/es\/wp-json\/wp\/v2\/comments?post=12152"}],"version-history":[{"count":4,"href":"https:\/\/resetlaser.com\/es\/wp-json\/wp\/v2\/pages\/12152\/revisions"}],"predecessor-version":[{"id":12157,"href":"https:\/\/resetlaser.com\/es\/wp-json\/wp\/v2\/pages\/12152\/revisions\/12157"}],"wp:attachment":[{"href":"https:\/\/resetlaser.com\/es\/wp-json\/wp\/v2\/media?parent=12152"}],"curies":[{"name":"wp","href":"https:\/\/api.w.org\/{rel}","templated":true}]}}